{"id":6970,"date":"2024-08-13T07:20:14","date_gmt":"2024-08-13T07:20:14","guid":{"rendered":"https:\/\/marketmataro.com\/?page_id=6970"},"modified":"2024-08-13T09:58:54","modified_gmt":"2024-08-13T09:58:54","slug":"blog","status":"publish","type":"page","link":"https:\/\/marketmataro.com\/ca\/blog\/","title":{"rendered":"Blog"},"content":{"rendered":"<div class=\"wpb-content-wrapper\">[vc_section full_width=&#8221;stretch_row_content&#8221; css=&#8221;.vc_custom_1723533694820{padding-top: 80px !important;padding-bottom: 80px !important;}&#8221;][vc_row remove_bottom_col_margin=&#8221;true&#8221; max_width_custom=&#8221;1800px&#8221;][vc_column]<style>.vcex-blog-grid-wrap.vcex_69f38a07e9d22 .entry-details{background-color:#ffffff;border-color:#ffffff;}.vcex-blog-grid-wrap.vcex_69f38a07e9d22 .entry-title{font-size:22px;font-weight:700;}.vcex-blog-grid-wrap.vcex_69f38a07e9d22 .entry-excerpt{font-size:16px;}<\/style><div class=\"vcex-module vcex-blog-grid-wrap wpex-clr vcex_69f38a07e9d22\"><div class=\"wpex-row vcex-blog-grid wpex-clr entries vcex-isotope-grid wpex-overflow-hidden match-height-grid\"><div class=\"vcex-blog-entry vcex-grid-item entry-has-details span_1_of_4 col-1 col vcex-isotope-entry wpex-text-left post-8850 entry type-post has-media cat-113\"><div class=\"vcex-blog-entry-inner entry-inner wpex-first-mt-0 wpex-last-mb-0 wpex-clr wpex-shadow-lg\"><div class=\"vcex-blog-entry-media entry-media wpex-relative\"><a href=\"https:\/\/marketmataro.com\/ca\/servidors-vps-per-a-empreses-mes-seguretat-acces-remot-i-millor-rendiment\/\" title=\"Servidors VPS per a empreses: m\u00e9s seguretat, acc\u00e9s remot i millor rendiment\"><img width=\"640\" height=\"427\" src=\"https:\/\/marketmataro.com\/wp-content\/uploads\/2026\/04\/Servidors-VPS-per-a-empreses-mes-seguretat-acces-remot-i-millor-rendiment.jpeg\" class=\"vcex-blog-entry-img wpex-align-middle skip-lazy\" alt=\"\" data-no-lazy=\"1\" srcset=\"https:\/\/marketmataro.com\/wp-content\/uploads\/2026\/04\/Servidors-VPS-per-a-empreses-mes-seguretat-acces-remot-i-millor-rendiment.jpeg 640w, https:\/\/marketmataro.com\/wp-content\/uploads\/2026\/04\/Servidors-VPS-per-a-empreses-mes-seguretat-acces-remot-i-millor-rendiment-300x200.jpeg 300w\" sizes=\"(max-width: 640px) 100vw, 640px\" \/><\/a><\/div><div class=\"vcex-blog-entry-details entry-details wpex-bordered wpex-p-40 wpex-first-mt-0 wpex-last-mb-0 wpex-clr\"><div class=\"match-height-content\"><h2 class=\"vcex-blog-entry-title entry-title wpex-mb-5\"><a href=\"https:\/\/marketmataro.com\/ca\/servidors-vps-per-a-empreses-mes-seguretat-acces-remot-i-millor-rendiment\/\">Servidors VPS per a empreses: m\u00e9s seguretat, acc\u00e9s remot i millor rendiment<\/a><\/h2><div class=\"vcex-blog-entry-date entry-date wpex-text-sm wpex-text-3 wpex-mb-5\">14\/04\/2026<\/div><div class=\"vcex-blog-entry-excerpt entry-excerpt wpex-my-15 wpex-text-pretty wpex-last-mb-0 wpex-clr\"><p>Els servidors VPS han esdevingut una soluci\u00f3 cada cop m\u00e9s interessant per a empreses que&hellip;<\/p><\/div><div class=\"vcex-blog-entry-readmore-wrap entry-readmore-wrap wpex-my-15 wpex-clr\"><a href=\"https:\/\/marketmataro.com\/ca\/servidors-vps-per-a-empreses-mes-seguretat-acces-remot-i-millor-rendiment\/\" class=\"entry-readmore theme-button\" aria-label=\"Llegir m\u00e9s about Servidors VPS per a empreses: m\u00e9s seguretat, acc\u00e9s remot i millor rendiment\">Llegir m\u00e9s <span class=\"vcex-readmore-rarr\">&rarr;<\/span><\/a><\/div><\/div><\/div><\/div><\/div><div class=\"vcex-blog-entry vcex-grid-item entry-has-details span_1_of_4 col-2 col vcex-isotope-entry wpex-text-left post-7800 entry type-post has-media cat-109 translation_priority-91\"><div class=\"vcex-blog-entry-inner entry-inner wpex-first-mt-0 wpex-last-mb-0 wpex-clr wpex-shadow-lg\"><div class=\"vcex-blog-entry-media entry-media wpex-relative\"><a href=\"https:\/\/marketmataro.com\/ca\/necessitats-dimpressio-a-les-empreses-actuals\/\" title=\"Necessitats d&#8217;impressi\u00f3 a les empreses actuals\"><img width=\"2560\" height=\"1707\" src=\"https:\/\/marketmataro.com\/wp-content\/uploads\/2025\/05\/maquina-de-impresion-de-gran-formato-en-funcionamiento-industria-scaled.jpg\" class=\"vcex-blog-entry-img wpex-align-middle skip-lazy\" alt=\"\" data-no-lazy=\"1\" srcset=\"https:\/\/marketmataro.com\/wp-content\/uploads\/2025\/05\/maquina-de-impresion-de-gran-formato-en-funcionamiento-industria-scaled.jpg 2560w, https:\/\/marketmataro.com\/wp-content\/uploads\/2025\/05\/maquina-de-impresion-de-gran-formato-en-funcionamiento-industria-300x200.jpg 300w, https:\/\/marketmataro.com\/wp-content\/uploads\/2025\/05\/maquina-de-impresion-de-gran-formato-en-funcionamiento-industria-1024x683.jpg 1024w, https:\/\/marketmataro.com\/wp-content\/uploads\/2025\/05\/maquina-de-impresion-de-gran-formato-en-funcionamiento-industria-768x512.jpg 768w, https:\/\/marketmataro.com\/wp-content\/uploads\/2025\/05\/maquina-de-impresion-de-gran-formato-en-funcionamiento-industria-1536x1024.jpg 1536w, https:\/\/marketmataro.com\/wp-content\/uploads\/2025\/05\/maquina-de-impresion-de-gran-formato-en-funcionamiento-industria-2048x1365.jpg 2048w\" sizes=\"(max-width: 2560px) 100vw, 2560px\" \/><\/a><\/div><div class=\"vcex-blog-entry-details entry-details wpex-bordered wpex-p-40 wpex-first-mt-0 wpex-last-mb-0 wpex-clr\"><div class=\"match-height-content\"><h2 class=\"vcex-blog-entry-title entry-title wpex-mb-5\"><a href=\"https:\/\/marketmataro.com\/ca\/necessitats-dimpressio-a-les-empreses-actuals\/\">Necessitats d&#8217;impressi\u00f3 a les empreses actuals<\/a><\/h2><div class=\"vcex-blog-entry-date entry-date wpex-text-sm wpex-text-3 wpex-mb-5\">08\/05\/2025<\/div><div class=\"vcex-blog-entry-excerpt entry-excerpt wpex-my-15 wpex-text-pretty wpex-last-mb-0 wpex-clr\"><p>Les necessitats d'impressi\u00f3 han canviat amb el pas dels anys. Fins no fa tant, el&hellip;<\/p><\/div><div class=\"vcex-blog-entry-readmore-wrap entry-readmore-wrap wpex-my-15 wpex-clr\"><a href=\"https:\/\/marketmataro.com\/ca\/necessitats-dimpressio-a-les-empreses-actuals\/\" class=\"entry-readmore theme-button\" aria-label=\"Llegir m\u00e9s about Necessitats d&#8217;impressi\u00f3 a les empreses actuals\">Llegir m\u00e9s <span class=\"vcex-readmore-rarr\">&rarr;<\/span><\/a><\/div><\/div><\/div><\/div><\/div><div class=\"vcex-blog-entry vcex-grid-item entry-has-details span_1_of_4 col-3 col vcex-isotope-entry wpex-text-left post-7290 entry type-post has-media cat-104\"><div class=\"vcex-blog-entry-inner entry-inner wpex-first-mt-0 wpex-last-mb-0 wpex-clr wpex-shadow-lg\"><div class=\"vcex-blog-entry-media entry-media wpex-relative\"><a href=\"https:\/\/marketmataro.com\/ca\/tot-sobre-manteniment-informatic\/\" title=\"Tot sobre manteniment inform\u00e0tic\"><img width=\"640\" height=\"427\" src=\"https:\/\/marketmataro.com\/wp-content\/uploads\/2025\/01\/Tot-sobre-manteniment-informatic.jpg\" class=\"vcex-blog-entry-img wpex-align-middle skip-lazy\" alt=\"\" data-no-lazy=\"1\" srcset=\"https:\/\/marketmataro.com\/wp-content\/uploads\/2025\/01\/Tot-sobre-manteniment-informatic.jpg 640w, https:\/\/marketmataro.com\/wp-content\/uploads\/2025\/01\/Tot-sobre-manteniment-informatic-300x200.jpg 300w\" sizes=\"(max-width: 640px) 100vw, 640px\" \/><\/a><\/div><div class=\"vcex-blog-entry-details entry-details wpex-bordered wpex-p-40 wpex-first-mt-0 wpex-last-mb-0 wpex-clr\"><div class=\"match-height-content\"><h2 class=\"vcex-blog-entry-title entry-title wpex-mb-5\"><a href=\"https:\/\/marketmataro.com\/ca\/tot-sobre-manteniment-informatic\/\">Tot sobre manteniment inform\u00e0tic<\/a><\/h2><div class=\"vcex-blog-entry-date entry-date wpex-text-sm wpex-text-3 wpex-mb-5\">09\/01\/2025<\/div><div class=\"vcex-blog-entry-excerpt entry-excerpt wpex-my-15 wpex-text-pretty wpex-last-mb-0 wpex-clr\"><p>En l'era digital actual, la tecnologia ocupa un lloc essencial en la nostra vida quotidiana&hellip;<\/p><\/div><div class=\"vcex-blog-entry-readmore-wrap entry-readmore-wrap wpex-my-15 wpex-clr\"><a href=\"https:\/\/marketmataro.com\/ca\/tot-sobre-manteniment-informatic\/\" class=\"entry-readmore theme-button\" aria-label=\"Llegir m\u00e9s about Tot sobre manteniment inform\u00e0tic\">Llegir m\u00e9s <span class=\"vcex-readmore-rarr\">&rarr;<\/span><\/a><\/div><\/div><\/div><\/div><\/div><div class=\"vcex-blog-entry vcex-grid-item entry-has-details span_1_of_4 col-4 col vcex-isotope-entry wpex-text-left post-7245 entry type-post has-media cat-107 translation_priority-91\"><div class=\"vcex-blog-entry-inner entry-inner wpex-first-mt-0 wpex-last-mb-0 wpex-clr wpex-shadow-lg\"><div class=\"vcex-blog-entry-media entry-media wpex-relative\"><a href=\"https:\/\/marketmataro.com\/ca\/solucions-cloud-per-a-empreses-usos-i-avantatges\/\" title=\"Solucions cloud per a empreses: usos i avantatges\"><img width=\"640\" height=\"427\" src=\"https:\/\/marketmataro.com\/wp-content\/uploads\/2024\/11\/Soluciones-cloud-para-empresas-usos-y-ventajas.jpg\" class=\"vcex-blog-entry-img wpex-align-middle skip-lazy\" alt=\"\" data-no-lazy=\"1\" srcset=\"https:\/\/marketmataro.com\/wp-content\/uploads\/2024\/11\/Soluciones-cloud-para-empresas-usos-y-ventajas.jpg 640w, https:\/\/marketmataro.com\/wp-content\/uploads\/2024\/11\/Soluciones-cloud-para-empresas-usos-y-ventajas-300x200.jpg 300w\" sizes=\"(max-width: 640px) 100vw, 640px\" \/><\/a><\/div><div class=\"vcex-blog-entry-details entry-details wpex-bordered wpex-p-40 wpex-first-mt-0 wpex-last-mb-0 wpex-clr\"><div class=\"match-height-content\"><h2 class=\"vcex-blog-entry-title entry-title wpex-mb-5\"><a href=\"https:\/\/marketmataro.com\/ca\/solucions-cloud-per-a-empreses-usos-i-avantatges\/\">Solucions cloud per a empreses: usos i avantatges<\/a><\/h2><div class=\"vcex-blog-entry-date entry-date wpex-text-sm wpex-text-3 wpex-mb-5\">18\/11\/2024<\/div><div class=\"vcex-blog-entry-excerpt entry-excerpt wpex-my-15 wpex-text-pretty wpex-last-mb-0 wpex-clr\"><p>En l'actualitat, la gran majoria de les companyies recorren als serveis al n\u00favol, tamb\u00e9 anomenats&hellip;<\/p><\/div><div class=\"vcex-blog-entry-readmore-wrap entry-readmore-wrap wpex-my-15 wpex-clr\"><a href=\"https:\/\/marketmataro.com\/ca\/solucions-cloud-per-a-empreses-usos-i-avantatges\/\" class=\"entry-readmore theme-button\" aria-label=\"Llegir m\u00e9s about Solucions cloud per a empreses: usos i avantatges\">Llegir m\u00e9s <span class=\"vcex-readmore-rarr\">&rarr;<\/span><\/a><\/div><\/div><\/div><\/div><\/div><div class=\"vcex-blog-entry vcex-grid-item entry-has-details span_1_of_4 col-1 col vcex-isotope-entry wpex-text-left post-7047 entry type-post has-media cat-89 translation_priority-91\"><div class=\"vcex-blog-entry-inner entry-inner wpex-first-mt-0 wpex-last-mb-0 wpex-clr wpex-shadow-lg\"><div class=\"vcex-blog-entry-media entry-media wpex-relative\"><a href=\"https:\/\/marketmataro.com\/ca\/3erp-un-gran-suport-per-a-la-gestio-empresarial-de-pimes\/\" title=\"3ERP, un gran suport per a la gesti\u00f3 empresarial de pimes\"><img width=\"640\" height=\"426\" src=\"https:\/\/marketmataro.com\/wp-content\/uploads\/2024\/10\/3ERP-un-gran-apoyo-para-la-gestion-empresarial-de-pymes.jpg\" class=\"vcex-blog-entry-img wpex-align-middle skip-lazy\" alt=\"\" data-no-lazy=\"1\" srcset=\"https:\/\/marketmataro.com\/wp-content\/uploads\/2024\/10\/3ERP-un-gran-apoyo-para-la-gestion-empresarial-de-pymes.jpg 640w, https:\/\/marketmataro.com\/wp-content\/uploads\/2024\/10\/3ERP-un-gran-apoyo-para-la-gestion-empresarial-de-pymes-300x200.jpg 300w\" sizes=\"(max-width: 640px) 100vw, 640px\" \/><\/a><\/div><div class=\"vcex-blog-entry-details entry-details wpex-bordered wpex-p-40 wpex-first-mt-0 wpex-last-mb-0 wpex-clr\"><div class=\"match-height-content\"><h2 class=\"vcex-blog-entry-title entry-title wpex-mb-5\"><a href=\"https:\/\/marketmataro.com\/ca\/3erp-un-gran-suport-per-a-la-gestio-empresarial-de-pimes\/\">3ERP, un gran suport per a la gesti\u00f3 empresarial de pimes<\/a><\/h2><div class=\"vcex-blog-entry-date entry-date wpex-text-sm wpex-text-3 wpex-mb-5\">10\/10\/2024<\/div><div class=\"vcex-blog-entry-excerpt entry-excerpt wpex-my-15 wpex-text-pretty wpex-last-mb-0 wpex-clr\"><p>Les pimes s\u00f3n un pilar fonamental per a l'economia espanyola i representen m\u00e9s del 90%&hellip;<\/p><\/div><div class=\"vcex-blog-entry-readmore-wrap entry-readmore-wrap wpex-my-15 wpex-clr\"><a href=\"https:\/\/marketmataro.com\/ca\/3erp-un-gran-suport-per-a-la-gestio-empresarial-de-pimes\/\" class=\"entry-readmore theme-button\" aria-label=\"Llegir m\u00e9s about 3ERP, un gran suport per a la gesti\u00f3 empresarial de pimes\">Llegir m\u00e9s <span class=\"vcex-readmore-rarr\">&rarr;<\/span><\/a><\/div><\/div><\/div><\/div><\/div><div class=\"vcex-blog-entry vcex-grid-item entry-has-details span_1_of_4 col-2 col vcex-isotope-entry wpex-text-left post-7034 entry type-post has-media cat-104 translation_priority-91\"><div class=\"vcex-blog-entry-inner entry-inner wpex-first-mt-0 wpex-last-mb-0 wpex-clr wpex-shadow-lg\"><div class=\"vcex-blog-entry-media entry-media wpex-relative\"><a href=\"https:\/\/marketmataro.com\/ca\/la-importancia-del-manteniment-informatic-en-les-empreses\/\" title=\"La import\u00e0ncia del manteniment inform\u00e0tic en les empreses\"><img width=\"640\" height=\"427\" src=\"https:\/\/marketmataro.com\/wp-content\/uploads\/2024\/09\/technology-785742_640.jpg\" class=\"vcex-blog-entry-img wpex-align-middle skip-lazy\" alt=\"\" data-no-lazy=\"1\" srcset=\"https:\/\/marketmataro.com\/wp-content\/uploads\/2024\/09\/technology-785742_640.jpg 640w, https:\/\/marketmataro.com\/wp-content\/uploads\/2024\/09\/technology-785742_640-300x200.jpg 300w\" sizes=\"(max-width: 640px) 100vw, 640px\" \/><\/a><\/div><div class=\"vcex-blog-entry-details entry-details wpex-bordered wpex-p-40 wpex-first-mt-0 wpex-last-mb-0 wpex-clr\"><div class=\"match-height-content\"><h2 class=\"vcex-blog-entry-title entry-title wpex-mb-5\"><a href=\"https:\/\/marketmataro.com\/ca\/la-importancia-del-manteniment-informatic-en-les-empreses\/\">La import\u00e0ncia del manteniment inform\u00e0tic en les empreses<\/a><\/h2><div class=\"vcex-blog-entry-date entry-date wpex-text-sm wpex-text-3 wpex-mb-5\">26\/09\/2024<\/div><div class=\"vcex-blog-entry-excerpt entry-excerpt wpex-my-15 wpex-text-pretty wpex-last-mb-0 wpex-clr\"><p>El manteniment inform\u00e0tic \u00e9s un dels serveis m\u00e9s demanats per les empreses que confien en&hellip;<\/p><\/div><div class=\"vcex-blog-entry-readmore-wrap entry-readmore-wrap wpex-my-15 wpex-clr\"><a href=\"https:\/\/marketmataro.com\/ca\/la-importancia-del-manteniment-informatic-en-les-empreses\/\" class=\"entry-readmore theme-button\" aria-label=\"Llegir m\u00e9s about La import\u00e0ncia del manteniment inform\u00e0tic en les empreses\">Llegir m\u00e9s <span class=\"vcex-readmore-rarr\">&rarr;<\/span><\/a><\/div><\/div><\/div><\/div><\/div><div class=\"vcex-blog-entry vcex-grid-item entry-has-details span_1_of_4 col-3 col vcex-isotope-entry wpex-text-left post-6898 entry type-post has-media cat-102 translation_priority-91\"><div class=\"vcex-blog-entry-inner entry-inner wpex-first-mt-0 wpex-last-mb-0 wpex-clr wpex-shadow-lg\"><div class=\"vcex-blog-entry-media entry-media wpex-relative\"><a href=\"https:\/\/marketmataro.com\/ca\/grans-avantatges-de-la-programacio-a-mida\/\" title=\"Grans avantatges de la programaci\u00f3 a mida\"><img width=\"640\" height=\"427\" src=\"https:\/\/marketmataro.com\/wp-content\/uploads\/2024\/06\/Enlace-https-pixabay.comesphotostecnologC3ADa-computadora-cC3B3digo-1283624-.jpg\" class=\"vcex-blog-entry-img wpex-align-middle skip-lazy\" alt=\"\" data-no-lazy=\"1\" srcset=\"https:\/\/marketmataro.com\/wp-content\/uploads\/2024\/06\/Enlace-https-pixabay.comesphotostecnologC3ADa-computadora-cC3B3digo-1283624-.jpg 640w, https:\/\/marketmataro.com\/wp-content\/uploads\/2024\/06\/Enlace-https-pixabay.comesphotostecnologC3ADa-computadora-cC3B3digo-1283624--300x200.jpg 300w\" sizes=\"(max-width: 640px) 100vw, 640px\" \/><\/a><\/div><div class=\"vcex-blog-entry-details entry-details wpex-bordered wpex-p-40 wpex-first-mt-0 wpex-last-mb-0 wpex-clr\"><div class=\"match-height-content\"><h2 class=\"vcex-blog-entry-title entry-title wpex-mb-5\"><a href=\"https:\/\/marketmataro.com\/ca\/grans-avantatges-de-la-programacio-a-mida\/\">Grans avantatges de la programaci\u00f3 a mida<\/a><\/h2><div class=\"vcex-blog-entry-date entry-date wpex-text-sm wpex-text-3 wpex-mb-5\">10\/06\/2024<\/div><div class=\"vcex-blog-entry-excerpt entry-excerpt wpex-my-15 wpex-text-pretty wpex-last-mb-0 wpex-clr\"><p>La programaci\u00f3 a mida \u00e9s un dels serveis que m\u00e9s demanen les empreses que confien&hellip;<\/p><\/div><div class=\"vcex-blog-entry-readmore-wrap entry-readmore-wrap wpex-my-15 wpex-clr\"><a href=\"https:\/\/marketmataro.com\/ca\/grans-avantatges-de-la-programacio-a-mida\/\" class=\"entry-readmore theme-button\" aria-label=\"Llegir m\u00e9s about Grans avantatges de la programaci\u00f3 a mida\">Llegir m\u00e9s <span class=\"vcex-readmore-rarr\">&rarr;<\/span><\/a><\/div><\/div><\/div><\/div><\/div><\/div><\/div>[\/vc_column][\/vc_row][\/vc_section]\n<\/div>","protected":false},"excerpt":{"rendered":"<p>[vc_section full_width=&#8221;stretch_row_content&#8221; css=&#8221;.vc_custom_1723533694820{padding-top: 80px !important;padding-bottom: 80px !important;}&#8221;][vc_row remove_bottom_col_margin=&#8221;true&#8221; max_width_custom=&#8221;1800px&#8221;][vc_column][\/vc_column][\/vc_row][\/vc_section]<\/p>\n","protected":false},"author":1,"featured_media":0,"parent":0,"menu_order":0,"comment_status":"closed","ping_status":"closed","template":"","meta":{"_joinchat":[],"footnotes":""},"class_list":["post-6970","page","type-page","status-publish","hentry","entry","has-media"],"yoast_head":"<!-- This site is optimized with the Yoast SEO plugin v26.8 - https:\/\/yoast.com\/product\/yoast-seo-wordpress\/ -->\n<title>Blog - Market Software<\/title>\n<meta name=\"robots\" content=\"index, follow, max-snippet:-1, max-image-preview:large, max-video-preview:-1\" \/>\n<link rel=\"canonical\" href=\"https:\/\/marketmataro.com\/blog\/\" \/>\n<meta property=\"og:locale\" content=\"ca_ES\" \/>\n<meta property=\"og:type\" content=\"article\" \/>\n<meta property=\"og:title\" content=\"Blog - Market Software\" \/>\n<meta property=\"og:description\" content=\"[vc_section full_width=&#8221;stretch_row_content&#8221; css=&#8221;.vc_custom_1723533694820{padding-top: 80px !important;padding-bottom: 80px !important;}&#8221;][vc_row remove_bottom_col_margin=&#8221;true&#8221; max_width_custom=&#8221;1800px&#8221;][vc_column][\/vc_column][\/vc_row][\/vc_section]\" \/>\n<meta property=\"og:url\" content=\"https:\/\/marketmataro.com\/blog\/\" \/>\n<meta property=\"og:site_name\" content=\"Market Software\" \/>\n<meta property=\"article:modified_time\" content=\"2024-08-13T09:58:54+00:00\" \/>\n<meta name=\"twitter:card\" content=\"summary_large_image\" \/>\n<meta name=\"twitter:label1\" content=\"Temps estimat de lectura\" \/>\n\t<meta name=\"twitter:data1\" content=\"1 minut\" \/>\n<script type=\"application\/ld+json\" class=\"yoast-schema-graph\">{\"@context\":\"https:\/\/schema.org\",\"@graph\":[{\"@type\":\"WebPage\",\"@id\":\"https:\/\/marketmataro.com\/blog\/\",\"url\":\"https:\/\/marketmataro.com\/blog\/\",\"name\":\"Blog - Market Software\",\"isPartOf\":{\"@id\":\"https:\/\/marketmataro.com\/#website\"},\"datePublished\":\"2024-08-13T07:20:14+00:00\",\"dateModified\":\"2024-08-13T09:58:54+00:00\",\"breadcrumb\":{\"@id\":\"https:\/\/marketmataro.com\/blog\/#breadcrumb\"},\"inLanguage\":\"ca\",\"potentialAction\":[{\"@type\":\"ReadAction\",\"target\":[\"https:\/\/marketmataro.com\/blog\/\"]}]},{\"@type\":\"BreadcrumbList\",\"@id\":\"https:\/\/marketmataro.com\/blog\/#breadcrumb\",\"itemListElement\":[{\"@type\":\"ListItem\",\"position\":1,\"name\":\"Home\",\"item\":\"https:\/\/marketmataro.com\/ca\/\"},{\"@type\":\"ListItem\",\"position\":2,\"name\":\"Blog\"}]},{\"@type\":\"WebSite\",\"@id\":\"https:\/\/marketmataro.com\/#website\",\"url\":\"https:\/\/marketmataro.com\/\",\"name\":\"Market Software\",\"description\":\"Empresa de servicios y soluciones de inform\u00e1tica\",\"publisher\":{\"@id\":\"https:\/\/marketmataro.com\/#organization\"},\"potentialAction\":[{\"@type\":\"SearchAction\",\"target\":{\"@type\":\"EntryPoint\",\"urlTemplate\":\"https:\/\/marketmataro.com\/?s={search_term_string}\"},\"query-input\":{\"@type\":\"PropertyValueSpecification\",\"valueRequired\":true,\"valueName\":\"search_term_string\"}}],\"inLanguage\":\"ca\"},{\"@type\":\"Organization\",\"@id\":\"https:\/\/marketmataro.com\/#organization\",\"name\":\"Market Software\",\"url\":\"https:\/\/marketmataro.com\/\",\"logo\":{\"@type\":\"ImageObject\",\"inLanguage\":\"ca\",\"@id\":\"https:\/\/marketmataro.com\/#\/schema\/logo\/image\/\",\"url\":\"https:\/\/marketmataro.com\/wp-content\/uploads\/2024\/06\/logo_negre.png\",\"contentUrl\":\"https:\/\/marketmataro.com\/wp-content\/uploads\/2024\/06\/logo_negre.png\",\"width\":904,\"height\":441,\"caption\":\"Market Software\"},\"image\":{\"@id\":\"https:\/\/marketmataro.com\/#\/schema\/logo\/image\/\"}}]}<\/script>\n<!-- \/ Yoast SEO plugin. -->","yoast_head_json":{"title":"Blog - Market Software","robots":{"index":"index","follow":"follow","max-snippet":"max-snippet:-1","max-image-preview":"max-image-preview:large","max-video-preview":"max-video-preview:-1"},"canonical":"https:\/\/marketmataro.com\/blog\/","og_locale":"ca_ES","og_type":"article","og_title":"Blog - Market Software","og_description":"[vc_section full_width=&#8221;stretch_row_content&#8221; css=&#8221;.vc_custom_1723533694820{padding-top: 80px !important;padding-bottom: 80px !important;}&#8221;][vc_row remove_bottom_col_margin=&#8221;true&#8221; max_width_custom=&#8221;1800px&#8221;][vc_column][\/vc_column][\/vc_row][\/vc_section]","og_url":"https:\/\/marketmataro.com\/blog\/","og_site_name":"Market Software","article_modified_time":"2024-08-13T09:58:54+00:00","twitter_card":"summary_large_image","twitter_misc":{"Temps estimat de lectura":"1 minut"},"schema":{"@context":"https:\/\/schema.org","@graph":[{"@type":"WebPage","@id":"https:\/\/marketmataro.com\/blog\/","url":"https:\/\/marketmataro.com\/blog\/","name":"Blog - Market Software","isPartOf":{"@id":"https:\/\/marketmataro.com\/#website"},"datePublished":"2024-08-13T07:20:14+00:00","dateModified":"2024-08-13T09:58:54+00:00","breadcrumb":{"@id":"https:\/\/marketmataro.com\/blog\/#breadcrumb"},"inLanguage":"ca","potentialAction":[{"@type":"ReadAction","target":["https:\/\/marketmataro.com\/blog\/"]}]},{"@type":"BreadcrumbList","@id":"https:\/\/marketmataro.com\/blog\/#breadcrumb","itemListElement":[{"@type":"ListItem","position":1,"name":"Home","item":"https:\/\/marketmataro.com\/ca\/"},{"@type":"ListItem","position":2,"name":"Blog"}]},{"@type":"WebSite","@id":"https:\/\/marketmataro.com\/#website","url":"https:\/\/marketmataro.com\/","name":"Market Software","description":"Empresa de servicios y soluciones de inform\u00e1tica","publisher":{"@id":"https:\/\/marketmataro.com\/#organization"},"potentialAction":[{"@type":"SearchAction","target":{"@type":"EntryPoint","urlTemplate":"https:\/\/marketmataro.com\/?s={search_term_string}"},"query-input":{"@type":"PropertyValueSpecification","valueRequired":true,"valueName":"search_term_string"}}],"inLanguage":"ca"},{"@type":"Organization","@id":"https:\/\/marketmataro.com\/#organization","name":"Market Software","url":"https:\/\/marketmataro.com\/","logo":{"@type":"ImageObject","inLanguage":"ca","@id":"https:\/\/marketmataro.com\/#\/schema\/logo\/image\/","url":"https:\/\/marketmataro.com\/wp-content\/uploads\/2024\/06\/logo_negre.png","contentUrl":"https:\/\/marketmataro.com\/wp-content\/uploads\/2024\/06\/logo_negre.png","width":904,"height":441,"caption":"Market Software"},"image":{"@id":"https:\/\/marketmataro.com\/#\/schema\/logo\/image\/"}}]}},"_links":{"self":[{"href":"https:\/\/marketmataro.com\/ca\/wp-json\/wp\/v2\/pages\/6970","targetHints":{"allow":["GET"]}}],"collection":[{"href":"https:\/\/marketmataro.com\/ca\/wp-json\/wp\/v2\/pages"}],"about":[{"href":"https:\/\/marketmataro.com\/ca\/wp-json\/wp\/v2\/types\/page"}],"author":[{"embeddable":true,"href":"https:\/\/marketmataro.com\/ca\/wp-json\/wp\/v2\/users\/1"}],"replies":[{"embeddable":true,"href":"https:\/\/marketmataro.com\/ca\/wp-json\/wp\/v2\/comments?post=6970"}],"version-history":[{"count":6,"href":"https:\/\/marketmataro.com\/ca\/wp-json\/wp\/v2\/pages\/6970\/revisions"}],"predecessor-version":[{"id":7000,"href":"https:\/\/marketmataro.com\/ca\/wp-json\/wp\/v2\/pages\/6970\/revisions\/7000"}],"wp:attachment":[{"href":"https:\/\/marketmataro.com\/ca\/wp-json\/wp\/v2\/media?parent=6970"}],"curies":[{"name":"wp","href":"https:\/\/api.w.org\/{rel}","templated":true}]}}